{"id":1197,"date":"2019-10-06T21:30:47","date_gmt":"2019-10-07T02:30:47","guid":{"rendered":"http:\/\/www.nyjmoda.com\/?post_type=product&#038;p=1197"},"modified":"2022-07-05T15:33:19","modified_gmt":"2022-07-05T20:33:19","slug":"pt-09061902","status":"publish","type":"product","link":"https:\/\/www.nyjmoda.com\/?product=pt-09061902","title":{"rendered":"EN-09061902"},"content":{"rendered":"","protected":false},"excerpt":{"rendered":"<p>TALLAS DEL 35 AL 39<\/p>\n<p>TACO N\u00b0 9<\/p>\n<p>TIEMPO DE ENTREGA ENTRE 5 Y 7 D\u00cdAS H\u00c1BILES EN PER\u00da<\/p>\n<p>Condiciones:<\/p>\n<p>Pago Contra entrega solo para Lima.<\/p>\n<p>Puedes hacer tus consultas a los n\u00fameros indicados en la P\u00e1gina<\/p>\n","protected":false},"featured_media":1174,"comment_status":"open","ping_status":"closed","template":"","meta":[],"product_brand":[],"product_cat":[20,24],"product_tag":[58],"class_list":{"0":"post-1197","1":"product","2":"type-product","3":"status-publish","4":"has-post-thumbnail","6":"product_cat-calzado-de-damas","7":"product_cat-sandalias-de-mujer","8":"product_tag-talla-35","10":"first","11":"instock","12":"shipping-taxable","13":"purchasable","14":"product-type-simple"},"_links":{"self":[{"href":"https:\/\/www.nyjmoda.com\/index.php?rest_route=\/wp\/v2\/product\/1197","targetHints":{"allow":["GET"]}}],"collection":[{"href":"https:\/\/www.nyjmoda.com\/index.php?rest_route=\/wp\/v2\/product"}],"about":[{"href":"https:\/\/www.nyjmoda.com\/index.php?rest_route=\/wp\/v2\/types\/product"}],"replies":[{"embeddable":true,"href":"https:\/\/www.nyjmoda.com\/index.php?rest_route=%2Fwp%2Fv2%2Fcomments&post=1197"}],"wp:featuredmedia":[{"embeddable":true,"href":"https:\/\/www.nyjmoda.com\/index.php?rest_route=\/wp\/v2\/media\/1174"}],"wp:attachment":[{"href":"https:\/\/www.nyjmoda.com\/index.php?rest_route=%2Fwp%2Fv2%2Fmedia&parent=1197"}],"wp:term":[{"taxonomy":"product_brand","embeddable":true,"href":"https:\/\/www.nyjmoda.com\/index.php?rest_route=%2Fwp%2Fv2%2Fproduct_brand&post=1197"},{"taxonomy":"product_cat","embeddable":true,"href":"https:\/\/www.nyjmoda.com\/index.php?rest_route=%2Fwp%2Fv2%2Fproduct_cat&post=1197"},{"taxonomy":"product_tag","embeddable":true,"href":"https:\/\/www.nyjmoda.com\/index.php?rest_route=%2Fwp%2Fv2%2Fproduct_tag&post=1197"}],"curies":[{"name":"wp","href":"https:\/\/api.w.org\/{rel}","templated":true}]}}