{"id":2913,"date":"2020-10-18T22:13:44","date_gmt":"2020-10-19T03:13:44","guid":{"rendered":"http:\/\/www.nyjmoda.com\/?post_type=product&#038;p=2913"},"modified":"2024-07-07T22:30:31","modified_gmt":"2024-07-08T03:30:31","slug":"cc-013","status":"publish","type":"product","link":"https:\/\/www.nyjmoda.com\/?product=cc-013","title":{"rendered":"EN-01320"},"content":{"rendered":"","protected":false},"excerpt":{"rendered":"<p>Calzados de damas<\/p>\n<p>Taco N\u00b09<\/p>\n<p>Rosados, colores, ellas<\/p>\n<p>Tallas del 35 al 39<\/p>\n<p>Tiempo de entrega entre 5 y 7 d\u00edas H\u00e1biles en per\u00fa<\/p>\n<p>Condiciones:<\/p>\n<p>Pago Contra entrega solo para Lima.<\/p>\n<p>Puedes hacer tus consultas a los n\u00fameros indicados en la P\u00e1gina, correo electr\u00f3nico<\/p>\n","protected":false},"featured_media":2919,"comment_status":"open","ping_status":"closed","template":"","meta":[],"product_brand":[],"product_cat":[136,20,24],"product_tag":[25],"class_list":{"0":"post-2913","1":"product","2":"type-product","3":"status-publish","4":"has-post-thumbnail","6":"product_cat-coleccion-tacos-dorados","7":"product_cat-calzado-de-damas","8":"product_cat-sandalias-de-mujer","9":"product_tag-calzado-de-damas","11":"first","12":"instock","13":"shipping-taxable","14":"purchasable","15":"product-type-variable"},"_links":{"self":[{"href":"https:\/\/www.nyjmoda.com\/index.php?rest_route=\/wp\/v2\/product\/2913","targetHints":{"allow":["GET"]}}],"collection":[{"href":"https:\/\/www.nyjmoda.com\/index.php?rest_route=\/wp\/v2\/product"}],"about":[{"href":"https:\/\/www.nyjmoda.com\/index.php?rest_route=\/wp\/v2\/types\/product"}],"replies":[{"embeddable":true,"href":"https:\/\/www.nyjmoda.com\/index.php?rest_route=%2Fwp%2Fv2%2Fcomments&post=2913"}],"wp:featuredmedia":[{"embeddable":true,"href":"https:\/\/www.nyjmoda.com\/index.php?rest_route=\/wp\/v2\/media\/2919"}],"wp:attachment":[{"href":"https:\/\/www.nyjmoda.com\/index.php?rest_route=%2Fwp%2Fv2%2Fmedia&parent=2913"}],"wp:term":[{"taxonomy":"product_brand","embeddable":true,"href":"https:\/\/www.nyjmoda.com\/index.php?rest_route=%2Fwp%2Fv2%2Fproduct_brand&post=2913"},{"taxonomy":"product_cat","embeddable":true,"href":"https:\/\/www.nyjmoda.com\/index.php?rest_route=%2Fwp%2Fv2%2Fproduct_cat&post=2913"},{"taxonomy":"product_tag","embeddable":true,"href":"https:\/\/www.nyjmoda.com\/index.php?rest_route=%2Fwp%2Fv2%2Fproduct_tag&post=2913"}],"curies":[{"name":"wp","href":"https:\/\/api.w.org\/{rel}","templated":true}]}}