{"id":3231,"date":"2020-10-31T17:39:29","date_gmt":"2020-10-31T22:39:29","guid":{"rendered":"http:\/\/www.nyjmoda.com\/?post_type=product&#038;p=3231"},"modified":"2024-07-07T22:25:43","modified_gmt":"2024-07-08T03:25:43","slug":"en-005120","status":"publish","type":"product","link":"https:\/\/www.nyjmoda.com\/?product=en-005120","title":{"rendered":"EN-005120"},"content":{"rendered":"","protected":false},"excerpt":{"rendered":"<p>TALLA DE 35 AL 39<\/p>\n<p>TACO N\u00b09<\/p>\n<p>VINO REPTIL, ELLAS, BOTINES<\/p>\n<p>TIEMPO DE ENTREGA ENTRE 5 Y 7 D\u00cdAS H\u00c1BILES EN PER\u00da<\/p>\n<p>Condiciones:<\/p>\n<p>Pago Contra entrega solo para Lima.<\/p>\n<p>Puedes hacer tus consultas a los n\u00fameros indicados en la P\u00e1gina<\/p>\n","protected":false},"featured_media":3235,"comment_status":"open","ping_status":"closed","template":"","meta":[],"product_brand":[],"product_cat":[139,33,20],"product_tag":[],"class_list":{"0":"post-3231","1":"product","2":"type-product","3":"status-publish","4":"has-post-thumbnail","6":"product_cat-coleccion-textura","7":"product_cat-botines-de-damas","8":"product_cat-calzado-de-damas","10":"first","11":"instock","12":"shipping-taxable","13":"purchasable","14":"product-type-variable"},"_links":{"self":[{"href":"https:\/\/www.nyjmoda.com\/index.php?rest_route=\/wp\/v2\/product\/3231","targetHints":{"allow":["GET"]}}],"collection":[{"href":"https:\/\/www.nyjmoda.com\/index.php?rest_route=\/wp\/v2\/product"}],"about":[{"href":"https:\/\/www.nyjmoda.com\/index.php?rest_route=\/wp\/v2\/types\/product"}],"replies":[{"embeddable":true,"href":"https:\/\/www.nyjmoda.com\/index.php?rest_route=%2Fwp%2Fv2%2Fcomments&post=3231"}],"wp:featuredmedia":[{"embeddable":true,"href":"https:\/\/www.nyjmoda.com\/index.php?rest_route=\/wp\/v2\/media\/3235"}],"wp:attachment":[{"href":"https:\/\/www.nyjmoda.com\/index.php?rest_route=%2Fwp%2Fv2%2Fmedia&parent=3231"}],"wp:term":[{"taxonomy":"product_brand","embeddable":true,"href":"https:\/\/www.nyjmoda.com\/index.php?rest_route=%2Fwp%2Fv2%2Fproduct_brand&post=3231"},{"taxonomy":"product_cat","embeddable":true,"href":"https:\/\/www.nyjmoda.com\/index.php?rest_route=%2Fwp%2Fv2%2Fproduct_cat&post=3231"},{"taxonomy":"product_tag","embeddable":true,"href":"https:\/\/www.nyjmoda.com\/index.php?rest_route=%2Fwp%2Fv2%2Fproduct_tag&post=3231"}],"curies":[{"name":"wp","href":"https:\/\/api.w.org\/{rel}","templated":true}]}}