{"id":3805,"date":"2022-07-12T20:07:24","date_gmt":"2022-07-13T01:07:24","guid":{"rendered":"http:\/\/www.nyjmoda.com\/?post_type=product&#038;p=3805"},"modified":"2024-07-07T22:26:28","modified_gmt":"2024-07-08T03:26:28","slug":"en-120722","status":"publish","type":"product","link":"https:\/\/www.nyjmoda.com\/?product=en-120722","title":{"rendered":"EN-0492020"},"content":{"rendered":"","protected":false},"excerpt":{"rendered":"<p>TALLA DEL 35 AL 39<\/p>\n<p>TACO N\u00b09<\/p>\n<p>Entrega entre 5 y 7 d\u00edas h\u00e1biles solo en Per\u00fa<\/p>\n<p>Condiciones:<\/p>\n<p>Pago Contra entrega solo para Lima y previo deposito para el interior del Pa\u00eds.<\/p>\n<p>El tiempo de entrega se considera desde la confirmaci\u00f3n del deposito.<\/p>\n<p>Puedes hacer tus consultas a los n\u00fameros indicados en la P\u00e1gina<\/p>\n","protected":false},"featured_media":3814,"comment_status":"open","ping_status":"closed","template":"","meta":[],"product_brand":[],"product_cat":[45,136,20],"product_tag":[],"class_list":{"0":"post-3805","1":"product","2":"type-product","3":"status-publish","4":"has-post-thumbnail","6":"product_cat-vestir-de-damas","7":"product_cat-coleccion-tacos-dorados","8":"product_cat-calzado-de-damas","10":"first","11":"instock","12":"shipping-taxable","13":"purchasable","14":"product-type-variable"},"_links":{"self":[{"href":"https:\/\/www.nyjmoda.com\/index.php?rest_route=\/wp\/v2\/product\/3805","targetHints":{"allow":["GET"]}}],"collection":[{"href":"https:\/\/www.nyjmoda.com\/index.php?rest_route=\/wp\/v2\/product"}],"about":[{"href":"https:\/\/www.nyjmoda.com\/index.php?rest_route=\/wp\/v2\/types\/product"}],"replies":[{"embeddable":true,"href":"https:\/\/www.nyjmoda.com\/index.php?rest_route=%2Fwp%2Fv2%2Fcomments&post=3805"}],"wp:featuredmedia":[{"embeddable":true,"href":"https:\/\/www.nyjmoda.com\/index.php?rest_route=\/wp\/v2\/media\/3814"}],"wp:attachment":[{"href":"https:\/\/www.nyjmoda.com\/index.php?rest_route=%2Fwp%2Fv2%2Fmedia&parent=3805"}],"wp:term":[{"taxonomy":"product_brand","embeddable":true,"href":"https:\/\/www.nyjmoda.com\/index.php?rest_route=%2Fwp%2Fv2%2Fproduct_brand&post=3805"},{"taxonomy":"product_cat","embeddable":true,"href":"https:\/\/www.nyjmoda.com\/index.php?rest_route=%2Fwp%2Fv2%2Fproduct_cat&post=3805"},{"taxonomy":"product_tag","embeddable":true,"href":"https:\/\/www.nyjmoda.com\/index.php?rest_route=%2Fwp%2Fv2%2Fproduct_tag&post=3805"}],"curies":[{"name":"wp","href":"https:\/\/api.w.org\/{rel}","templated":true}]}}