{"id":4662,"date":"2023-03-01T21:00:34","date_gmt":"2023-03-02T02:00:34","guid":{"rendered":"http:\/\/www.nyjmoda.com\/?post_type=product&#038;p=4662"},"modified":"2024-03-23T12:27:24","modified_gmt":"2024-03-23T17:27:24","slug":"b-0041","status":"publish","type":"product","link":"https:\/\/www.nyjmoda.com\/?product=b-0041","title":{"rendered":"B-0041"},"content":{"rendered":"","protected":false},"excerpt":{"rendered":"<p>COLOR BLANCO<\/p>\n<p>ZAPATILLA DE CUERO &#8211; NI\u00d1OS<\/p>\n<p>TALLAS DEL 33 AL 38<\/p>\n<p>Tiempo de entrega entre 10 y 15 d\u00edas h\u00e1biles en Per\u00fa.<\/p>\n<p>Condiciones:<\/p>\n<p>Pago Contra entrega solo para Lima, env\u00edos a Nivel Nacional.<\/p>\n<p>Puedes hacer tus consultas a los n\u00fameros indicados en la P\u00e1gina.<\/p>\n<p>El tiempo de entrega se considera una vez confirmado el Deposito.<\/p>\n","protected":false},"featured_media":4663,"comment_status":"open","ping_status":"closed","template":"","meta":[],"product_brand":[],"product_cat":[42,123],"product_tag":[],"class_list":{"0":"post-4662","1":"product","2":"type-product","3":"status-publish","4":"has-post-thumbnail","6":"product_cat-al-kids","7":"product_cat-ninos","9":"first","10":"instock","11":"shipping-taxable","12":"purchasable","13":"product-type-variable"},"_links":{"self":[{"href":"https:\/\/www.nyjmoda.com\/index.php?rest_route=\/wp\/v2\/product\/4662","targetHints":{"allow":["GET"]}}],"collection":[{"href":"https:\/\/www.nyjmoda.com\/index.php?rest_route=\/wp\/v2\/product"}],"about":[{"href":"https:\/\/www.nyjmoda.com\/index.php?rest_route=\/wp\/v2\/types\/product"}],"replies":[{"embeddable":true,"href":"https:\/\/www.nyjmoda.com\/index.php?rest_route=%2Fwp%2Fv2%2Fcomments&post=4662"}],"wp:featuredmedia":[{"embeddable":true,"href":"https:\/\/www.nyjmoda.com\/index.php?rest_route=\/wp\/v2\/media\/4663"}],"wp:attachment":[{"href":"https:\/\/www.nyjmoda.com\/index.php?rest_route=%2Fwp%2Fv2%2Fmedia&parent=4662"}],"wp:term":[{"taxonomy":"product_brand","embeddable":true,"href":"https:\/\/www.nyjmoda.com\/index.php?rest_route=%2Fwp%2Fv2%2Fproduct_brand&post=4662"},{"taxonomy":"product_cat","embeddable":true,"href":"https:\/\/www.nyjmoda.com\/index.php?rest_route=%2Fwp%2Fv2%2Fproduct_cat&post=4662"},{"taxonomy":"product_tag","embeddable":true,"href":"https:\/\/www.nyjmoda.com\/index.php?rest_route=%2Fwp%2Fv2%2Fproduct_tag&post=4662"}],"curies":[{"name":"wp","href":"https:\/\/api.w.org\/{rel}","templated":true}]}}