{"id":5123,"date":"2024-03-25T14:11:42","date_gmt":"2024-03-25T19:11:42","guid":{"rendered":"https:\/\/www.nyjmoda.com\/?post_type=product&#038;p=5123"},"modified":"2025-01-22T13:40:11","modified_gmt":"2025-01-22T18:40:11","slug":"en-0602020","status":"publish","type":"product","link":"https:\/\/www.nyjmoda.com\/?product=en-0602020","title":{"rendered":"EN-0602020"},"content":{"rendered":"","protected":false},"excerpt":{"rendered":"<p>TALLA DEL 35 AL 39<\/p>\n<p>TACO N\u00b09<\/p>\n<p>Entrega entre 5 y 7 d\u00edas h\u00e1biles solo en Per\u00fa<\/p>\n<p>Condiciones:<\/p>\n<p>Pago Contra entrega solo para Lima.<\/p>\n<p>Puedes hacer tus consultas a los n\u00fameros indicados en la P\u00e1gina<\/p>\n","protected":false},"featured_media":5129,"comment_status":"open","ping_status":"closed","template":"","meta":[],"product_brand":[],"product_cat":[45,132,20,24],"product_tag":[],"class_list":{"0":"post-5123","1":"product","2":"type-product","3":"status-publish","4":"has-post-thumbnail","6":"product_cat-vestir-de-damas","7":"product_cat-nj-moda","8":"product_cat-calzado-de-damas","9":"product_cat-sandalias-de-mujer","11":"first","12":"instock","13":"sale","14":"shipping-taxable","15":"purchasable","16":"product-type-variable"},"_links":{"self":[{"href":"https:\/\/www.nyjmoda.com\/index.php?rest_route=\/wp\/v2\/product\/5123","targetHints":{"allow":["GET"]}}],"collection":[{"href":"https:\/\/www.nyjmoda.com\/index.php?rest_route=\/wp\/v2\/product"}],"about":[{"href":"https:\/\/www.nyjmoda.com\/index.php?rest_route=\/wp\/v2\/types\/product"}],"replies":[{"embeddable":true,"href":"https:\/\/www.nyjmoda.com\/index.php?rest_route=%2Fwp%2Fv2%2Fcomments&post=5123"}],"wp:featuredmedia":[{"embeddable":true,"href":"https:\/\/www.nyjmoda.com\/index.php?rest_route=\/wp\/v2\/media\/5129"}],"wp:attachment":[{"href":"https:\/\/www.nyjmoda.com\/index.php?rest_route=%2Fwp%2Fv2%2Fmedia&parent=5123"}],"wp:term":[{"taxonomy":"product_brand","embeddable":true,"href":"https:\/\/www.nyjmoda.com\/index.php?rest_route=%2Fwp%2Fv2%2Fproduct_brand&post=5123"},{"taxonomy":"product_cat","embeddable":true,"href":"https:\/\/www.nyjmoda.com\/index.php?rest_route=%2Fwp%2Fv2%2Fproduct_cat&post=5123"},{"taxonomy":"product_tag","embeddable":true,"href":"https:\/\/www.nyjmoda.com\/index.php?rest_route=%2Fwp%2Fv2%2Fproduct_tag&post=5123"}],"curies":[{"name":"wp","href":"https:\/\/api.w.org\/{rel}","templated":true}]}}