{"id":5547,"date":"2025-01-22T13:20:07","date_gmt":"2025-01-22T18:20:07","guid":{"rendered":"https:\/\/www.nyjmoda.com\/?post_type=product&#038;p=5547"},"modified":"2025-01-22T13:22:16","modified_gmt":"2025-01-22T18:22:16","slug":"fra-169-e04","status":"publish","type":"product","link":"https:\/\/www.nyjmoda.com\/?product=fra-169-e04","title":{"rendered":"FRA-169-E04"},"content":{"rendered":"","protected":false},"excerpt":{"rendered":"<p>CHAROL GRABADO<\/p>\n<p>TIEMPO DE ENTREGA ENTRE 3 Y 5 D\u00cdAS H\u00c1BILES EN PER\u00da<\/p>\n<p>Condiciones:<\/p>\n<p>Pago Contra entrega solo para Lima, env\u00edos a Nivel Nacional.<\/p>\n<p>Puedes hacer tus consultas a los n\u00fameros indicados en la P\u00e1gina.<\/p>\n<p>El tiempo de entrega se considera una vez confirmado el Deposito.<\/p>\n","protected":false},"featured_media":0,"comment_status":"open","ping_status":"closed","template":"","meta":[],"product_brand":[],"product_cat":[140],"product_tag":[],"class_list":{"0":"post-5547","1":"product","2":"type-product","3":"status-publish","5":"product_cat-coleccion-charol-y-momentos-men","7":"first","8":"instock","9":"sale","10":"shipping-taxable","11":"purchasable","12":"product-type-variable"},"_links":{"self":[{"href":"https:\/\/www.nyjmoda.com\/index.php?rest_route=\/wp\/v2\/product\/5547","targetHints":{"allow":["GET"]}}],"collection":[{"href":"https:\/\/www.nyjmoda.com\/index.php?rest_route=\/wp\/v2\/product"}],"about":[{"href":"https:\/\/www.nyjmoda.com\/index.php?rest_route=\/wp\/v2\/types\/product"}],"replies":[{"embeddable":true,"href":"https:\/\/www.nyjmoda.com\/index.php?rest_route=%2Fwp%2Fv2%2Fcomments&post=5547"}],"wp:attachment":[{"href":"https:\/\/www.nyjmoda.com\/index.php?rest_route=%2Fwp%2Fv2%2Fmedia&parent=5547"}],"wp:term":[{"taxonomy":"product_brand","embeddable":true,"href":"https:\/\/www.nyjmoda.com\/index.php?rest_route=%2Fwp%2Fv2%2Fproduct_brand&post=5547"},{"taxonomy":"product_cat","embeddable":true,"href":"https:\/\/www.nyjmoda.com\/index.php?rest_route=%2Fwp%2Fv2%2Fproduct_cat&post=5547"},{"taxonomy":"product_tag","embeddable":true,"href":"https:\/\/www.nyjmoda.com\/index.php?rest_route=%2Fwp%2Fv2%2Fproduct_tag&post=5547"}],"curies":[{"name":"wp","href":"https:\/\/api.w.org\/{rel}","templated":true}]}}