{"id":957,"date":"2019-07-17T13:13:24","date_gmt":"2019-07-17T18:13:24","guid":{"rendered":"http:\/\/www.nyjmoda.com\/?post_type=product&#038;p=957"},"modified":"2024-08-01T00:03:16","modified_gmt":"2024-08-01T05:03:16","slug":"en-1112","status":"publish","type":"product","link":"https:\/\/www.nyjmoda.com\/?product=en-1112","title":{"rendered":"EN-0362020-38"},"content":{"rendered":"","protected":false},"excerpt":{"rendered":"<p>TALLA 38<\/p>\n<p>Taco N\u00b0 7<\/p>\n<p>Tiempo de entrega entre 5 y 7 d\u00edas h\u00e1biles en Per\u00fa.<\/p>\n<p><strong>Condiciones:<\/strong><\/p>\n<p>Pago Contra entrega solo para Lima.<\/p>\n<p>Puedes hacer tus consultas a los n\u00fameros indicados en la P\u00e1gina<\/p>\n","protected":false},"featured_media":946,"comment_status":"open","ping_status":"closed","template":"","meta":[],"product_brand":[],"product_cat":[137,132,133,33,20],"product_tag":[34],"class_list":{"0":"post-957","1":"product","2":"type-product","3":"status-publish","4":"has-post-thumbnail","6":"product_cat-coleccion-suena-y-colorea","7":"product_cat-nj-moda","8":"product_cat-ofertas","9":"product_cat-botines-de-damas","10":"product_cat-calzado-de-damas","11":"product_tag-botines-damas","13":"first","14":"instock","15":"shipping-taxable","16":"purchasable","17":"product-type-simple"},"_links":{"self":[{"href":"https:\/\/www.nyjmoda.com\/index.php?rest_route=\/wp\/v2\/product\/957","targetHints":{"allow":["GET"]}}],"collection":[{"href":"https:\/\/www.nyjmoda.com\/index.php?rest_route=\/wp\/v2\/product"}],"about":[{"href":"https:\/\/www.nyjmoda.com\/index.php?rest_route=\/wp\/v2\/types\/product"}],"replies":[{"embeddable":true,"href":"https:\/\/www.nyjmoda.com\/index.php?rest_route=%2Fwp%2Fv2%2Fcomments&post=957"}],"wp:featuredmedia":[{"embeddable":true,"href":"https:\/\/www.nyjmoda.com\/index.php?rest_route=\/wp\/v2\/media\/946"}],"wp:attachment":[{"href":"https:\/\/www.nyjmoda.com\/index.php?rest_route=%2Fwp%2Fv2%2Fmedia&parent=957"}],"wp:term":[{"taxonomy":"product_brand","embeddable":true,"href":"https:\/\/www.nyjmoda.com\/index.php?rest_route=%2Fwp%2Fv2%2Fproduct_brand&post=957"},{"taxonomy":"product_cat","embeddable":true,"href":"https:\/\/www.nyjmoda.com\/index.php?rest_route=%2Fwp%2Fv2%2Fproduct_cat&post=957"},{"taxonomy":"product_tag","embeddable":true,"href":"https:\/\/www.nyjmoda.com\/index.php?rest_route=%2Fwp%2Fv2%2Fproduct_tag&post=957"}],"curies":[{"name":"wp","href":"https:\/\/api.w.org\/{rel}","templated":true}]}}