{"id":958,"date":"2019-07-17T13:16:54","date_gmt":"2019-07-17T18:16:54","guid":{"rendered":"http:\/\/www.nyjmoda.com\/?post_type=product&#038;p=958"},"modified":"2024-08-01T00:03:16","modified_gmt":"2024-08-01T05:03:16","slug":"en-1113","status":"publish","type":"product","link":"https:\/\/www.nyjmoda.com\/?product=en-1113","title":{"rendered":"EN-1113"},"content":{"rendered":"","protected":false},"excerpt":{"rendered":"<p>TALLA 39<\/p>\n<p>TACO N\u00b0 7<\/p>\n<p>Tiempo de entrega entre 5 y 7 d\u00edas H\u00e1biles en Per\u00fa.<\/p>\n<p>Condiciones:<\/p>\n<p>Pago Contra entrega solo para Lima.<\/p>\n<p>Puedes hacer tus consultas a los n\u00fameros indicados en la P\u00e1gina<\/p>\n","protected":false},"featured_media":951,"comment_status":"open","ping_status":"closed","template":"","meta":[],"product_brand":[],"product_cat":[132,133,33,20],"product_tag":[34],"class_list":{"0":"post-958","1":"product","2":"type-product","3":"status-publish","4":"has-post-thumbnail","6":"product_cat-nj-moda","7":"product_cat-ofertas","8":"product_cat-botines-de-damas","9":"product_cat-calzado-de-damas","10":"product_tag-botines-damas","12":"first","13":"instock","14":"shipping-taxable","15":"purchasable","16":"product-type-simple"},"_links":{"self":[{"href":"https:\/\/www.nyjmoda.com\/index.php?rest_route=\/wp\/v2\/product\/958","targetHints":{"allow":["GET"]}}],"collection":[{"href":"https:\/\/www.nyjmoda.com\/index.php?rest_route=\/wp\/v2\/product"}],"about":[{"href":"https:\/\/www.nyjmoda.com\/index.php?rest_route=\/wp\/v2\/types\/product"}],"replies":[{"embeddable":true,"href":"https:\/\/www.nyjmoda.com\/index.php?rest_route=%2Fwp%2Fv2%2Fcomments&post=958"}],"wp:featuredmedia":[{"embeddable":true,"href":"https:\/\/www.nyjmoda.com\/index.php?rest_route=\/wp\/v2\/media\/951"}],"wp:attachment":[{"href":"https:\/\/www.nyjmoda.com\/index.php?rest_route=%2Fwp%2Fv2%2Fmedia&parent=958"}],"wp:term":[{"taxonomy":"product_brand","embeddable":true,"href":"https:\/\/www.nyjmoda.com\/index.php?rest_route=%2Fwp%2Fv2%2Fproduct_brand&post=958"},{"taxonomy":"product_cat","embeddable":true,"href":"https:\/\/www.nyjmoda.com\/index.php?rest_route=%2Fwp%2Fv2%2Fproduct_cat&post=958"},{"taxonomy":"product_tag","embeddable":true,"href":"https:\/\/www.nyjmoda.com\/index.php?rest_route=%2Fwp%2Fv2%2Fproduct_tag&post=958"}],"curies":[{"name":"wp","href":"https:\/\/api.w.org\/{rel}","templated":true}]}}